{"id":11,"date":"2026-03-09T11:03:12","date_gmt":"2026-03-09T11:03:12","guid":{"rendered":"https:\/\/baumarbeiten-hoening.de\/?page_id=11"},"modified":"2026-04-28T08:31:31","modified_gmt":"2026-04-28T08:31:31","slug":"homepage","status":"publish","type":"page","link":"https:\/\/baumarbeiten-hoening.de\/","title":{"rendered":"Home"},"content":{"rendered":"\t\t<div data-elementor-type=\"wp-page\" data-elementor-id=\"11\" class=\"elementor elementor-11\">\n\t\t\t\t<div class=\"elementor-element elementor-element-4b7beb9 e-flex e-con-boxed e-con e-parent\" data-id=\"4b7beb9\" data-element_type=\"container\" data-e-type=\"container\" data-settings=\"{&quot;background_background&quot;:&quot;classic&quot;}\">\n\t\t\t\t\t<div class=\"e-con-inner\">\n\t\t\t\t\t<\/div>\n\t\t\t\t<\/div>\n\t\t<div class=\"elementor-element elementor-element-6464ec0 e-flex e-con-boxed e-con e-parent\" data-id=\"6464ec0\" data-element_type=\"container\" data-e-type=\"container\">\n\t\t\t\t\t<div class=\"e-con-inner\">\n\t\t\t\t<div class=\"elementor-element elementor-element-f72bfe4 elementor-widget elementor-widget-heading\" data-id=\"f72bfe4\" data-element_type=\"widget\" data-e-type=\"widget\" data-widget_type=\"heading.default\">\n\t\t\t\t\t<h1 class=\"elementor-heading-title elementor-size-default\">Baumkontrolle, Baumpflege &amp; Baumf\u00e4llung im Oberallg\u00e4u <\/h1>\t\t\t\t<\/div>\n\t\t\t\t<div class=\"elementor-element elementor-element-7204c03 elementor-widget elementor-widget-text-editor\" data-id=\"7204c03\" data-element_type=\"widget\" data-e-type=\"widget\" data-widget_type=\"text-editor.default\">\n\t\t\t\t\t\t\t\t\t<p>Fachgerechte Baumkontrollen, sichere F\u00e4llungen und professionelle Baumpflege f\u00fcr Privatg\u00e4rten, Unternehmen und Kommunen.<\/p>\t\t\t\t\t\t\t\t<\/div>\n\t\t\t\t\t<\/div>\n\t\t\t\t<\/div>\n\t\t<div class=\"elementor-element elementor-element-f6ca6f8 e-flex e-con-boxed e-con e-parent\" data-id=\"f6ca6f8\" data-element_type=\"container\" data-e-type=\"container\" id=\"leistungen\">\n\t\t\t\t\t<div class=\"e-con-inner\">\n\t\t\t\t<div class=\"elementor-element elementor-element-3b7a3d2 elementor-widget elementor-widget-heading\" data-id=\"3b7a3d2\" data-element_type=\"widget\" data-e-type=\"widget\" data-widget_type=\"heading.default\">\n\t\t\t\t\t<h2 class=\"elementor-heading-title elementor-size-default\">Leistungen<\/h2>\t\t\t\t<\/div>\n\t\t<div class=\"elementor-element elementor-element-8851b19 e-con-full e-grid e-con e-child\" data-id=\"8851b19\" data-element_type=\"container\" data-e-type=\"container\">\n\t\t<section class=\"elementor-element elementor-element-25757ca e-con-full e-flex e-con e-child\" data-id=\"25757ca\" data-element_type=\"container\" data-e-type=\"container\" data-settings=\"{&quot;background_background&quot;:&quot;classic&quot;}\">\n\t\t\t\t<div class=\"elementor-element elementor-element-3133509 elementor-widget elementor-widget-image\" data-id=\"3133509\" data-element_type=\"widget\" data-e-type=\"widget\" data-widget_type=\"image.default\">\n\t\t\t\t\t\t\t\t\t\t\t\t\t\t\t<img fetchpriority=\"high\" decoding=\"async\" width=\"758\" height=\"1024\" src=\"https:\/\/baumarbeiten-hoening.de\/wp-content\/uploads\/2026\/04\/Baumkontrolle-2-758x1024.jpeg\" class=\"attachment-large size-large wp-image-337\" alt=\"Baumstamm mit ausgepr\u00e4gter Kernf\u00e4ule. Eine Standsicherheit ist nicht mehr gegeben.\" srcset=\"https:\/\/baumarbeiten-hoening.de\/wp-content\/uploads\/2026\/04\/Baumkontrolle-2-758x1024.jpeg 758w, https:\/\/baumarbeiten-hoening.de\/wp-content\/uploads\/2026\/04\/Baumkontrolle-2-222x300.jpeg 222w, https:\/\/baumarbeiten-hoening.de\/wp-content\/uploads\/2026\/04\/Baumkontrolle-2-768x1038.jpeg 768w, https:\/\/baumarbeiten-hoening.de\/wp-content\/uploads\/2026\/04\/Baumkontrolle-2.jpeg 1134w\" sizes=\"(max-width: 758px) 100vw, 758px\" \/>\t\t\t\t\t\t\t\t\t\t\t\t\t\t\t<\/div>\n\t\t\t\t<div class=\"elementor-element elementor-element-0b74ec7 elementor-widget elementor-widget-heading\" data-id=\"0b74ec7\" data-element_type=\"widget\" data-e-type=\"widget\" data-widget_type=\"heading.default\">\n\t\t\t\t\t<h3 class=\"elementor-heading-title elementor-size-default\">Baumkontrolle<\/h3>\t\t\t\t<\/div>\n\t\t\t\t<div class=\"elementor-element elementor-element-017a4c1 elementor-widget elementor-widget-text-editor\" data-id=\"017a4c1\" data-element_type=\"widget\" data-e-type=\"widget\" data-widget_type=\"text-editor.default\">\n\t\t\t\t\t\t\t\t\t<p>\u00dcberpr\u00fcfung der Bruch- und Standsicherheit<\/p><div>inklusive Pr\u00fcf-Protokoll und Empfehlung notwendiger Ma\u00dfnahmen<\/div><div>\u00a0<\/div><div>nach FLL-Baumkontrollrichtlinien<\/div>\t\t\t\t\t\t\t\t<\/div>\n\t\t\t\t<\/section>\n\t\t<section class=\"elementor-element elementor-element-6a6dbd4 e-con-full e-flex e-con e-child\" data-id=\"6a6dbd4\" data-element_type=\"container\" data-e-type=\"container\" data-settings=\"{&quot;background_background&quot;:&quot;classic&quot;}\">\n\t\t\t\t<div class=\"elementor-element elementor-element-4ba2b29 elementor-widget elementor-widget-image\" data-id=\"4ba2b29\" data-element_type=\"widget\" data-e-type=\"widget\" data-widget_type=\"image.default\">\n\t\t\t\t\t\t\t\t\t\t\t\t\t\t\t<img decoding=\"async\" width=\"773\" height=\"1024\" src=\"https:\/\/baumarbeiten-hoening.de\/wp-content\/uploads\/2026\/03\/Vorher_Nachher-773x1024.jpg\" class=\"attachment-large size-large wp-image-219\" alt=\"Vorher-\/ Nachher- Bild vom Pflegeschnitt eines Obst-Baumes\" srcset=\"https:\/\/baumarbeiten-hoening.de\/wp-content\/uploads\/2026\/03\/Vorher_Nachher-773x1024.jpg 773w, https:\/\/baumarbeiten-hoening.de\/wp-content\/uploads\/2026\/03\/Vorher_Nachher-226x300.jpg 226w, https:\/\/baumarbeiten-hoening.de\/wp-content\/uploads\/2026\/03\/Vorher_Nachher-768x1017.jpg 768w, https:\/\/baumarbeiten-hoening.de\/wp-content\/uploads\/2026\/03\/Vorher_Nachher-1160x1536.jpg 1160w, https:\/\/baumarbeiten-hoening.de\/wp-content\/uploads\/2026\/03\/Vorher_Nachher-1546x2048.jpg 1546w, https:\/\/baumarbeiten-hoening.de\/wp-content\/uploads\/2026\/03\/Vorher_Nachher.jpg 1842w\" sizes=\"(max-width: 773px) 100vw, 773px\" \/>\t\t\t\t\t\t\t\t\t\t\t\t\t\t\t<\/div>\n\t\t\t\t<div class=\"elementor-element elementor-element-baa6cf2 elementor-widget elementor-widget-heading\" data-id=\"baa6cf2\" data-element_type=\"widget\" data-e-type=\"widget\" data-widget_type=\"heading.default\">\n\t\t\t\t\t<h3 class=\"elementor-heading-title elementor-size-default\">Baumpflege<\/h3>\t\t\t\t<\/div>\n\t\t\t\t<div class=\"elementor-element elementor-element-568a3d5 elementor-widget elementor-widget-text-editor\" data-id=\"568a3d5\" data-element_type=\"widget\" data-e-type=\"widget\" data-widget_type=\"text-editor.default\">\n\t\t\t\t\t\t\t\t\t<p>Gesunde und sichere B\u00e4ume durch fachgerechte Pflege<\/p><p>&#8211; Kronenpflege<br \/>&#8211; Totholz-Entfernung<br \/>&#8211; R\u00fcckschnitt<br \/>&#8211; Lichtraumprofil<br \/>&#8211; Kronensicherung\u00a0<br \/>&#8211; Obstbaumschnitt<\/p>\t\t\t\t\t\t\t\t<\/div>\n\t\t\t\t<\/section>\n\t\t<section class=\"elementor-element elementor-element-d9de424 e-con-full e-flex e-con e-child\" data-id=\"d9de424\" data-element_type=\"container\" data-e-type=\"container\" data-settings=\"{&quot;background_background&quot;:&quot;classic&quot;}\">\n\t\t\t\t<div class=\"elementor-element elementor-element-836c981 elementor-widget elementor-widget-image\" data-id=\"836c981\" data-element_type=\"widget\" data-e-type=\"widget\" data-widget_type=\"image.default\">\n\t\t\t\t\t\t\t\t\t\t\t\t\t\t\t<img decoding=\"async\" width=\"768\" height=\"1024\" src=\"https:\/\/baumarbeiten-hoening.de\/wp-content\/uploads\/2026\/03\/Faellung-768x1024.jpg\" class=\"attachment-large size-large wp-image-220\" alt=\"Gef\u00e4llter Baum\" srcset=\"https:\/\/baumarbeiten-hoening.de\/wp-content\/uploads\/2026\/03\/Faellung-768x1024.jpg 768w, https:\/\/baumarbeiten-hoening.de\/wp-content\/uploads\/2026\/03\/Faellung-225x300.jpg 225w, https:\/\/baumarbeiten-hoening.de\/wp-content\/uploads\/2026\/03\/Faellung-1152x1536.jpg 1152w, https:\/\/baumarbeiten-hoening.de\/wp-content\/uploads\/2026\/03\/Faellung-1536x2048.jpg 1536w, https:\/\/baumarbeiten-hoening.de\/wp-content\/uploads\/2026\/03\/Faellung.jpg 1620w\" sizes=\"(max-width: 768px) 100vw, 768px\" \/>\t\t\t\t\t\t\t\t\t\t\t\t\t\t\t<\/div>\n\t\t\t\t<div class=\"elementor-element elementor-element-5da23a2 elementor-widget elementor-widget-heading\" data-id=\"5da23a2\" data-element_type=\"widget\" data-e-type=\"widget\" data-widget_type=\"heading.default\">\n\t\t\t\t\t<h3 class=\"elementor-heading-title elementor-size-default\">Baumf\u00e4llung<\/h3>\t\t\t\t<\/div>\n\t\t\t\t<div class=\"elementor-element elementor-element-7bb6aa8 elementor-widget elementor-widget-text-editor\" data-id=\"7bb6aa8\" data-element_type=\"widget\" data-e-type=\"widget\" data-widget_type=\"text-editor.default\">\n\t\t\t\t\t\t\t\t\t<p>Kontrollierte F\u00e4llung auch an herausfordernden Standorten.\u00a0<br \/>Zum Beispiel an Stra\u00dfen, in Geb\u00e4uden\u00e4he, oder neben Stromleitungen.\u00a0<\/p><p>Durchf\u00fchrung je nach Situation in Seilklettertechnik oder mittels Hebeb\u00fchne<\/p>\t\t\t\t\t\t\t\t<\/div>\n\t\t\t\t<\/section>\n\t\t<section class=\"elementor-element elementor-element-6c1cc49 e-con-full e-flex e-con e-child\" data-id=\"6c1cc49\" data-element_type=\"container\" data-e-type=\"container\" data-settings=\"{&quot;background_background&quot;:&quot;classic&quot;}\">\n\t\t\t\t<div class=\"elementor-element elementor-element-9f25eb1 elementor-widget elementor-widget-image\" data-id=\"9f25eb1\" data-element_type=\"widget\" data-e-type=\"widget\" data-widget_type=\"image.default\">\n\t\t\t\t\t\t\t\t\t\t\t\t\t\t\t<img loading=\"lazy\" decoding=\"async\" width=\"398\" height=\"527\" src=\"https:\/\/baumarbeiten-hoening.de\/wp-content\/uploads\/2026\/03\/Strauchschnitt.jpg\" class=\"attachment-large size-large wp-image-221\" alt=\"Heckenschnitt\" srcset=\"https:\/\/baumarbeiten-hoening.de\/wp-content\/uploads\/2026\/03\/Strauchschnitt.jpg 398w, https:\/\/baumarbeiten-hoening.de\/wp-content\/uploads\/2026\/03\/Strauchschnitt-227x300.jpg 227w\" sizes=\"(max-width: 398px) 100vw, 398px\" \/>\t\t\t\t\t\t\t\t\t\t\t\t\t\t\t<\/div>\n\t\t\t\t<div class=\"elementor-element elementor-element-fb6eca6 elementor-widget elementor-widget-heading\" data-id=\"fb6eca6\" data-element_type=\"widget\" data-e-type=\"widget\" data-widget_type=\"heading.default\">\n\t\t\t\t\t<h3 class=\"elementor-heading-title elementor-size-default\">Weitere Arbeiten<\/h3>\t\t\t\t<\/div>\n\t\t\t\t<div class=\"elementor-element elementor-element-ea8a0e1 elementor-widget elementor-widget-text-editor\" data-id=\"ea8a0e1\" data-element_type=\"widget\" data-e-type=\"widget\" data-widget_type=\"text-editor.default\">\n\t\t\t\t\t\t\t\t\t<p>Rund um Garten und Gr\u00fcnfl\u00e4chen<\/p><p>&#8211; Heckenschnitt<br \/>&#8211; Strauchschnitt<br \/>&#8211; Pflanzungen<br \/>&#8211; Entbuschungen<br \/>&#8211; Pflege schwer zug\u00e4nglicher Fl\u00e4chen<\/p>\t\t\t\t\t\t\t\t<\/div>\n\t\t\t\t<\/section>\n\t\t\t\t<\/div>\n\t\t\t\t\t<\/div>\n\t\t\t\t<\/div>\n\t\t<div class=\"elementor-element elementor-element-93e4145 e-flex e-con-boxed e-con e-parent\" data-id=\"93e4145\" data-element_type=\"container\" data-e-type=\"container\" id=\"ueber_mich\">\n\t\t\t\t\t<div class=\"e-con-inner\">\n\t\t<div class=\"elementor-element elementor-element-e0422e1 e-con-full e-flex e-con e-child\" data-id=\"e0422e1\" data-element_type=\"container\" data-e-type=\"container\" data-settings=\"{&quot;background_background&quot;:&quot;classic&quot;}\">\n\t\t\t\t<div class=\"elementor-element elementor-element-9fa966b elementor-widget elementor-widget-heading\" data-id=\"9fa966b\" data-element_type=\"widget\" data-e-type=\"widget\" data-widget_type=\"heading.default\">\n\t\t\t\t\t<h2 class=\"elementor-heading-title elementor-size-default\">\u00dcber mich<\/h2>\t\t\t\t<\/div>\n\t\t<div class=\"elementor-element elementor-element-eff864b e-con-full e-grid e-con e-child\" data-id=\"eff864b\" data-element_type=\"container\" data-e-type=\"container\">\n\t\t<div class=\"elementor-element elementor-element-a082b57 e-con-full e-flex e-con e-child\" data-id=\"a082b57\" data-element_type=\"container\" data-e-type=\"container\">\n\t\t\t\t<div class=\"elementor-element elementor-element-f8ccd4c elementor-widget elementor-widget-text-editor\" data-id=\"f8ccd4c\" data-element_type=\"widget\" data-e-type=\"widget\" data-widget_type=\"text-editor.default\">\n\t\t\t\t\t\t\t\t\t<p>Seit 2021 bin ich als selbstst\u00e4ndiger Baumpfleger t\u00e4tig und kombiniere fachliche Expertise mit gro\u00dfer Leidenschaft f\u00fcr die Natur. Meine Arbeit basiert auf fundierten Ausbildungen in Seilklettertechnik und im sicheren Umgang mit den eingesetzten Maschinen, sodass ich selbst komplexe Eins\u00e4tze zuverl\u00e4ssig und risikoarm meistern kann.<\/p><p>Besonders wichtig ist mir dabei eine naturvertr\u00e4gliche Arbeitsweise:<\/p><ul><li>Umsetzung der Arbeiten nach den Empfehlungen der \u201eForschungsgesellschaft Landschaftsentwicklung und Landschaftsbau e.V.\u201c<\/li><li>Einsatz von l\u00e4rmarmen Akku-Ger\u00e4ten, wo m\u00f6glich<\/li><li>R\u00fccksicht auf die Bed\u00fcrfnisse von Menschen, Tieren und Pflanzen<\/li><\/ul><p>\u00a0<\/p><p>Dabei lege ich gr\u00f6\u00dften Wert auf Zuverl\u00e4ssigkeit und Professionalit\u00e4t, um jede Aufgabe effizient, verantwortungsbewusst und vor Allem sicher umzusetzen.<\/p>\t\t\t\t\t\t\t\t<\/div>\n\t\t\t\t<\/div>\n\t\t<div class=\"elementor-element elementor-element-4d33483 e-con-full e-flex e-con e-child\" data-id=\"4d33483\" data-element_type=\"container\" data-e-type=\"container\">\n\t\t\t\t<div class=\"elementor-element elementor-element-b7bec76 elementor-widget elementor-widget-image\" data-id=\"b7bec76\" data-element_type=\"widget\" data-e-type=\"widget\" data-widget_type=\"image.default\">\n\t\t\t\t\t\t\t\t\t\t\t\t\t\t\t<img loading=\"lazy\" decoding=\"async\" width=\"568\" height=\"682\" src=\"https:\/\/baumarbeiten-hoening.de\/wp-content\/uploads\/2026\/03\/DSC_9127.jpg\" class=\"attachment-large size-large wp-image-312\" alt=\"Baumpfleger Uli H\u00f6ning\" srcset=\"https:\/\/baumarbeiten-hoening.de\/wp-content\/uploads\/2026\/03\/DSC_9127.jpg 568w, https:\/\/baumarbeiten-hoening.de\/wp-content\/uploads\/2026\/03\/DSC_9127-250x300.jpg 250w\" sizes=\"(max-width: 568px) 100vw, 568px\" \/>\t\t\t\t\t\t\t\t\t\t\t\t\t\t\t<\/div>\n\t\t\t\t<\/div>\n\t\t\t\t<\/div>\n\t\t\t\t<\/div>\n\t\t\t\t\t<\/div>\n\t\t\t\t<\/div>\n\t\t<div class=\"elementor-element elementor-element-bcd9405 e-flex e-con-boxed e-con e-parent\" data-id=\"bcd9405\" data-element_type=\"container\" data-e-type=\"container\" id=\"kontakt\">\n\t\t\t\t\t<div class=\"e-con-inner\">\n\t\t\t\t<div class=\"elementor-element elementor-element-4cf83a4 elementor-widget elementor-widget-heading\" data-id=\"4cf83a4\" data-element_type=\"widget\" data-e-type=\"widget\" data-widget_type=\"heading.default\">\n\t\t\t\t\t<h2 class=\"elementor-heading-title elementor-size-default\">Kontakt<\/h2>\t\t\t\t<\/div>\n\t\t\t\t<div class=\"elementor-element elementor-element-f21a9f7 elementor-widget elementor-widget-text-editor\" data-id=\"f21a9f7\" data-element_type=\"widget\" data-e-type=\"widget\" data-widget_type=\"text-editor.default\">\n\t\t\t\t\t\t\t\t\t<p>Gerne unterbreite ich Dir ein individuelles und verl\u00e4ssliches Angebot.\u00a0<\/p><p>Kontaktiere mich dazu \u00fcber<\/p><p>\u00a0 \u00a0E-Mail: <strong>info@baumarbeiten-hoening.de<\/strong><br \/>\u00a0 \u00a0Telefon: <strong>0175 270 1618\u00a0<\/strong>(Mo. &#8211; Fr. 09:00-16:30)<\/p>\t\t\t\t\t\t\t\t<\/div>\n\t\t\t\t\t<\/div>\n\t\t\t\t<\/div>\n\t\t<div class=\"elementor-element elementor-element-9fdeb0b e-flex e-con-boxed e-con e-parent\" data-id=\"9fdeb0b\" data-element_type=\"container\" data-e-type=\"container\">\n\t\t\t\t\t<div class=\"e-con-inner\">\n\t\t<div class=\"elementor-element elementor-element-6286c52 e-con-full e-flex e-con e-child\" data-id=\"6286c52\" data-element_type=\"container\" data-e-type=\"container\">\n\t\t\t\t<\/div>\n\t\t\t\t\t<\/div>\n\t\t\t\t<\/div>\n\t\t\t\t<\/div>\n\t\t","protected":false},"excerpt":{"rendered":"<p>Baumkontrollen,<br \/>\nBaumpflege und F\u00e4llungen im Raum Kempten und dem ganzen Allg\u00e4u<\/p>\n","protected":false},"author":1,"featured_media":120,"parent":0,"menu_order":0,"comment_status":"closed","ping_status":"closed","template":"","meta":{"footnotes":""},"class_list":["post-11","page","type-page","status-publish","has-post-thumbnail","hentry"],"_links":{"self":[{"href":"https:\/\/baumarbeiten-hoening.de\/index.php\/wp-json\/wp\/v2\/pages\/11","targetHints":{"allow":["GET"]}}],"collection":[{"href":"https:\/\/baumarbeiten-hoening.de\/index.php\/wp-json\/wp\/v2\/pages"}],"about":[{"href":"https:\/\/baumarbeiten-hoening.de\/index.php\/wp-json\/wp\/v2\/types\/page"}],"author":[{"embeddable":true,"href":"https:\/\/baumarbeiten-hoening.de\/index.php\/wp-json\/wp\/v2\/users\/1"}],"replies":[{"embeddable":true,"href":"https:\/\/baumarbeiten-hoening.de\/index.php\/wp-json\/wp\/v2\/comments?post=11"}],"version-history":[{"count":109,"href":"https:\/\/baumarbeiten-hoening.de\/index.php\/wp-json\/wp\/v2\/pages\/11\/revisions"}],"predecessor-version":[{"id":373,"href":"https:\/\/baumarbeiten-hoening.de\/index.php\/wp-json\/wp\/v2\/pages\/11\/revisions\/373"}],"wp:featuredmedia":[{"embeddable":true,"href":"https:\/\/baumarbeiten-hoening.de\/index.php\/wp-json\/wp\/v2\/media\/120"}],"wp:attachment":[{"href":"https:\/\/baumarbeiten-hoening.de\/index.php\/wp-json\/wp\/v2\/media?parent=11"}],"curies":[{"name":"wp","href":"https:\/\/api.w.org\/{rel}","templated":true}]}}