{"id":203,"date":"2026-03-09T21:59:37","date_gmt":"2026-03-09T21:59:37","guid":{"rendered":"https:\/\/baumarbeiten-hoening.de\/?page_id=203"},"modified":"2026-03-10T22:50:21","modified_gmt":"2026-03-10T22:50:21","slug":"datenschutz","status":"publish","type":"page","link":"https:\/\/baumarbeiten-hoening.de\/index.php\/datenschutz\/","title":{"rendered":"Datenschutzerkl\u00e4rung"},"content":{"rendered":"\t\t<div data-elementor-type=\"wp-page\" data-elementor-id=\"203\" class=\"elementor elementor-203\">\n\t\t\t\t<div class=\"elementor-element elementor-element-02290ad e-flex e-con-boxed e-con e-parent\" data-id=\"02290ad\" data-element_type=\"container\" data-e-type=\"container\">\n\t\t\t\t\t<div class=\"e-con-inner\">\n\t\t<div class=\"elementor-element elementor-element-28ac7fe e-con-full e-flex e-con e-child\" data-id=\"28ac7fe\" data-element_type=\"container\" data-e-type=\"container\">\n\t\t\t\t<div class=\"elementor-element elementor-element-05da0b6 elementor-widget elementor-widget-text-editor\" data-id=\"05da0b6\" data-element_type=\"widget\" data-e-type=\"widget\" data-widget_type=\"text-editor.default\">\n\t\t\t\t\t\t\t\t\t<h2 data-start=\"381\" data-end=\"407\"><strong data-start=\"384\" data-end=\"407\">1. Verantwortlicher<\/strong><\/h2><p data-start=\"408\" data-end=\"541\">Baum- und Gartenarbeiten \u2013 Uli H\u00f6ning<br data-start=\"453\" data-end=\"456\" \/>Ottacker 12<br data-start=\"467\" data-end=\"470\" \/>D-87477 Sulzberg<br data-start=\"486\" data-end=\"489\" \/>Telefon: 0175 270 1618<br data-start=\"511\" data-end=\"514\" \/>E-Mail: <a class=\"decorated-link cursor-pointer\" rel=\"noopener\" data-start=\"522\" data-end=\"539\">info@baumarbeiten-hoening.de<\/a><\/p><p data-start=\"543\" data-end=\"749\"><strong data-start=\"543\" data-end=\"571\">Datenschutzbeauftragter:<\/strong><br data-start=\"571\" data-end=\"574\" \/>Ein Datenschutzbeauftragter ist nach gesetzlicher Vorgabe nicht erforderlich. Bei Fragen zum Datenschutz k\u00f6nnen Sie sich jederzeit an die oben angegebenen Kontaktdaten wenden.<\/p><hr data-start=\"751\" data-end=\"754\" \/><h2 data-start=\"756\" data-end=\"799\"><strong data-start=\"759\" data-end=\"799\">2. Allgemeines zur Datenverarbeitung<\/strong><\/h2><p data-start=\"800\" data-end=\"995\">Wir verarbeiten personenbezogene Daten im Einklang mit der Datenschutz-Grundverordnung (DSGVO), dem Bundesdatenschutzgesetz (BDSG) und dem Telekommunikation-Telemedien-Datenschutz-Gesetz (TTDSG).<\/p><p data-start=\"997\" data-end=\"1177\">Diese Datenschutzerkl\u00e4rung informiert Sie dar\u00fcber, welche personenbezogenen Daten wir erheben, zu welchen Zwecken wir dies tun und welche Rechte Sie hinsichtlich Ihrer Daten haben.<\/p><hr data-start=\"1179\" data-end=\"1182\" \/><h2 data-start=\"1184\" data-end=\"1238\"><strong data-start=\"1187\" data-end=\"1238\">3. Zugriff auf unsere Website (Server-Logfiles)<\/strong><\/h2><p data-start=\"1239\" data-end=\"1322\">Beim Besuch unserer Website verarbeitet unser Webserver automatisch folgende Daten:<\/p><ul data-start=\"1324\" data-end=\"1668\"><li data-start=\"1324\" data-end=\"1364\"><p data-start=\"1326\" data-end=\"1364\">IP-Adresse des anfragenden Endger\u00e4ts<\/p><\/li><li data-start=\"1365\" data-end=\"1398\"><p data-start=\"1367\" data-end=\"1398\">Datum und Uhrzeit der Anfrage<\/p><\/li><li data-start=\"1399\" data-end=\"1429\"><p data-start=\"1401\" data-end=\"1429\">Zeitzonendifferenz zur GMT<\/p><\/li><li data-start=\"1430\" data-end=\"1473\"><p data-start=\"1432\" data-end=\"1473\">Inhalt der Anforderung (konkrete Seite)<\/p><\/li><li data-start=\"1474\" data-end=\"1510\"><p data-start=\"1476\" data-end=\"1510\">Zugriffsstatus \/ HTTP-Statuscode<\/p><\/li><li data-start=\"1511\" data-end=\"1545\"><p data-start=\"1513\" data-end=\"1545\">jeweils \u00fcbertragene Datenmenge<\/p><\/li><li data-start=\"1546\" data-end=\"1599\"><p data-start=\"1548\" data-end=\"1599\">Website, von der die Anforderung kommt (Referrer)<\/p><\/li><li data-start=\"1600\" data-end=\"1627\"><p data-start=\"1602\" data-end=\"1627\">Browsertyp und -version<\/p><\/li><li data-start=\"1628\" data-end=\"1668\"><p data-start=\"1630\" data-end=\"1668\">Betriebssystem und dessen Oberfl\u00e4che<\/p><\/li><\/ul><p data-start=\"1670\" data-end=\"1821\">Die Daten sind technisch notwendig, um die Website anzuzeigen, die Stabilit\u00e4t sowie Sicherheit des Systems zu gew\u00e4hrleisten und Missbrauch zu erkennen.<\/p><p data-start=\"1823\" data-end=\"1897\"><strong data-start=\"1823\" data-end=\"1843\">Rechtsgrundlage:<\/strong><br data-start=\"1843\" data-end=\"1846\" \/>Art. 6 Abs. 1 lit. f DSGVO (berechtigtes Interesse)<\/p><p data-start=\"1899\" data-end=\"2173\"><strong data-start=\"1899\" data-end=\"1917\">Speicherdauer:<\/strong><br data-start=\"1917\" data-end=\"1920\" \/>Die Logfiles werden <strong data-start=\"1940\" data-end=\"1959\">maximal 14 Tage<\/strong> gespeichert und anschlie\u00dfend gel\u00f6scht. Eine dar\u00fcberhinausgehende Speicherung erfolgt nur in Verbindung mit konkreten sicherheitsrelevanten Vorf\u00e4llen (z. B. Angriffsmuster), und ausschlie\u00dflich solange erforderlich.<\/p><p data-start=\"2175\" data-end=\"2320\"><strong data-start=\"2175\" data-end=\"2187\">Hinweis:<\/strong><br data-start=\"2187\" data-end=\"2190\" \/>Die IP-Adresse kann aus Sicherheitsgr\u00fcnden als vollst\u00e4ndige IP gespeichert werden; eine anonymisierte Auswertung erfolgt getrennt.<\/p><hr data-start=\"2322\" data-end=\"2325\" \/><h2 data-start=\"2327\" data-end=\"2370\"><strong data-start=\"2330\" data-end=\"2370\">4. Cookies und Tracking-Technologien<\/strong><\/h2><h3 data-start=\"2372\" data-end=\"2411\">a) <strong data-start=\"2379\" data-end=\"2411\">Technisch notwendige Cookies<\/strong><\/h3><p data-start=\"2412\" data-end=\"2539\">Diese Cookies sind f\u00fcr den Betrieb unserer Website unverzichtbar (z. B. Seitennavigation, Spracheinstellungen, Login-Bereiche, Cookie-Banner).<\/p><p data-start=\"2541\" data-end=\"2615\"><strong data-start=\"2541\" data-end=\"2561\">Rechtsgrundlage:<\/strong><br data-start=\"2561\" data-end=\"2564\" \/>Art. 6 Abs. 1 lit. f DSGVO, \u00a7 25 Abs. 2 Nr. 2 TTDSG<\/p><p data-start=\"2617\" data-end=\"2810\"><strong data-start=\"2617\" data-end=\"2662\">Gespeicherte Cookies sowie Speicherdauer:<\/strong><\/p><ul><li data-start=\"789\" data-end=\"1025\"><p data-start=\"791\" data-end=\"1025\"><strong data-start=\"791\" data-end=\"818\">wpEmojiSettingsSupports<\/strong><br data-start=\"818\" data-end=\"821\" \/><em data-start=\"823\" data-end=\"831\">Zweck:<\/em> Dieses Cookie wird von WordPress gesetzt und dient der technischen Pr\u00fcfung, ob der verwendete Browser Emojis korrekt darstellen kann.<br data-start=\"965\" data-end=\"968\" \/><em data-start=\"970\" data-end=\"986\">Speicherdauer:<\/em> Sitzung<br data-start=\"994\" data-end=\"997\" \/><em data-start=\"999\" data-end=\"1010\">Anbieter:<\/em> baumarbeiten-hoening.de<\/p><\/li><li data-start=\"1027\" data-end=\"1399\"><p data-start=\"1029\" data-end=\"1399\"><strong data-start=\"1029\" data-end=\"1050\">cookieyes-consent<\/strong><br data-start=\"1050\" data-end=\"1053\" \/><em data-start=\"1055\" data-end=\"1063\">Zweck:<\/em> Dieses Cookie wird von CookieYes gesetzt und speichert die Einwilligungspr\u00e4ferenzen der Nutzer in Bezug auf Cookies. Dadurch wird sichergestellt, dass die Cookie-Einstellungen bei zuk\u00fcnftigen Besuchen ber\u00fccksichtigt werden. Es werden keine personenbezogenen Daten gespeichert.<br data-start=\"1340\" data-end=\"1343\" \/><em data-start=\"1345\" data-end=\"1361\">Speicherdauer:<\/em> 1 Jahr<br data-start=\"1368\" data-end=\"1371\" \/><em data-start=\"1373\" data-end=\"1384\">Anbieter:<\/em> baumarbeiten.de<\/p><\/li><\/ul><p>Der Einsatz dieser Cookies ist zwingend erforderlich, um gesetzliche Vorgaben einzuhalten und die grundlegende Funktionalit\u00e4t der Website sicherzustellen.<\/p><hr data-start=\"2812\" data-end=\"2815\" \/><h3 data-start=\"2817\" data-end=\"2868\">b) <strong data-start=\"2824\" data-end=\"2868\">Optionale Cookies (Statistik, Marketing)<\/strong><\/h3><p data-start=\"2869\" data-end=\"3060\">Optionale Cookies werden <strong data-start=\"2894\" data-end=\"2950\">erst nach Ihrer ausdr\u00fccklichen Einwilligung (Opt-in)<\/strong> gesetzt. Dazu geh\u00f6ren etwa Analyse- und Reichweitenmessungstools sowie Marketing- oder Drittanbieter-Cookies.<\/p><p data-start=\"3062\" data-end=\"3258\">Falls Daten in ein Drittland (z. B. USA) \u00fcbermittelt werden, informieren wir dar\u00fcber im Cookie-Banner inklusive der eingesetzten Schutzma\u00dfnahmen (z. B. Standardvertragsklauseln der EU-Kommission).<\/p><p data-start=\"3260\" data-end=\"3328\"><strong data-start=\"3260\" data-end=\"3280\">Rechtsgrundlage:<\/strong><br data-start=\"3280\" data-end=\"3283\" \/>Art. 6 Abs. 1 lit. a DSGVO, \u00a7 25 Abs. 1 TTDSG<\/p><p data-start=\"3330\" data-end=\"3419\"><strong data-start=\"3330\" data-end=\"3343\">Widerruf:<\/strong><br data-start=\"3343\" data-end=\"3346\" \/>Ihre Einwilligung k\u00f6nnen Sie jederzeit \u00fcber das Cookie-Banner (im Bildschirm links unten) widerrufen.<\/p><hr data-start=\"3421\" data-end=\"3424\" \/><h2 data-start=\"3426\" data-end=\"3443\"><strong data-start=\"3429\" data-end=\"3443\">5. Hosting<\/strong><\/h2><p data-start=\"3444\" data-end=\"3477\">Unsere Website wird gehostet bei:<\/p><p data-start=\"3479\" data-end=\"3553\"><strong data-start=\"3479\" data-end=\"3553\">hosterHOSTER<br data-start=\"3493\" data-end=\"3496\" \/>Daniel Ottmann<br data-start=\"3510\" data-end=\"3513\" \/>Fellhornstra\u00dfe 14<br data-start=\"3530\" data-end=\"3533\" \/>D-87561 Oberstdorf<\/strong><\/p><p data-start=\"3555\" data-end=\"3685\">Der Hoster verarbeitet s\u00e4mtliche f\u00fcr den Betrieb der Website erforderlichen Daten (z. B. Logfiles, IP-Adressen, Formularanfragen).<\/p><p data-start=\"3687\" data-end=\"3723\"><strong data-start=\"3687\" data-end=\"3706\">Serverstandort:<\/strong> Deutschland (EU)<\/p><p data-start=\"3725\" data-end=\"3774\"><strong data-start=\"3725\" data-end=\"3745\">Rechtsgrundlage:<\/strong><br data-start=\"3745\" data-end=\"3748\" \/>Art. 6 Abs. 1 lit. f DSGVO<\/p><p data-start=\"3776\" data-end=\"3859\">Ein <strong data-start=\"3780\" data-end=\"3818\">Auftragsverarbeitungsvertrag (AVV)<\/strong> gem\u00e4\u00df Art. 28 DSGVO wurde abgeschlossen.<\/p><hr data-start=\"3861\" data-end=\"3864\" \/><h2 data-start=\"4821\" data-end=\"4846\"><strong data-start=\"4824\" data-end=\"4846\">6. Kontaktaufnahme<\/strong><\/h2><p data-start=\"4847\" data-end=\"4908\">Bei Kontaktaufnahme per E-Mail verarbeiten wir:<\/p><ul data-start=\"4910\" data-end=\"4987\"><li data-start=\"4910\" data-end=\"4918\"><p data-start=\"4912\" data-end=\"4918\">Name<\/p><\/li><li data-start=\"4919\" data-end=\"4937\"><p data-start=\"4921\" data-end=\"4937\">E-Mail-Adresse<\/p><\/li><li data-start=\"4938\" data-end=\"4964\"><p data-start=\"4940\" data-end=\"4964\">Inhalt Ihrer Nachricht<\/p><\/li><li data-start=\"4965\" data-end=\"4987\"><p data-start=\"4967\" data-end=\"4987\">ggf. Telefonnummer<\/p><\/li><\/ul><p data-start=\"4989\" data-end=\"5012\"><strong data-start=\"4989\" data-end=\"5010\">Rechtsgrundlagen:<\/strong><\/p><ul data-start=\"5013\" data-end=\"5158\"><li data-start=\"5013\" data-end=\"5075\"><p data-start=\"5015\" data-end=\"5075\">Art. 6 Abs. 1 lit. b DSGVO (vorvertragliche Kommunikation)<\/p><\/li><li data-start=\"5076\" data-end=\"5158\"><p data-start=\"5078\" data-end=\"5158\">Art. 6 Abs. 1 lit. f DSGVO (berechtigtes Interesse an effizienter Kommunikation)<\/p><\/li><\/ul><p data-start=\"5160\" data-end=\"5271\"><strong data-start=\"5160\" data-end=\"5182\">Widerspruchsrecht:<\/strong><br data-start=\"5182\" data-end=\"5185\" \/>Sie k\u00f6nnen der Verarbeitung auf Basis berechtigten Interesses jederzeit widersprechen.<\/p><hr data-start=\"5273\" data-end=\"5276\" \/><h2 data-start=\"5278\" data-end=\"5318\"><strong data-start=\"5281\" data-end=\"5318\">7. Weitergabe von Daten an Dritte<\/strong><\/h2><p data-start=\"5319\" data-end=\"5453\">Eine Weitergabe erfolgt nur, wenn dies zur Erf\u00fcllung eines Vertrags oder zur Bearbeitung einer Anfrage notwendig ist, insbesondere an:<\/p><ul data-start=\"5455\" data-end=\"5522\"><li data-start=\"5455\" data-end=\"5493\"><p data-start=\"5457\" data-end=\"5493\">\u00d6ffentliche Beh\u00f6rden<\/p><\/li><li data-start=\"5494\" data-end=\"5522\"><p data-start=\"5496\" data-end=\"5522\">Subunternehmer<\/p><\/li><\/ul><p data-start=\"5524\" data-end=\"5615\">Weitergegeben werden z. B.: Name, Adresse, Kontaktdaten, Vertragsinformationen.<\/p><p data-start=\"5617\" data-end=\"5666\"><strong data-start=\"5617\" data-end=\"5637\">Rechtsgrundlage:<\/strong><br data-start=\"5637\" data-end=\"5640\" \/>Art. 6 Abs. 1 lit. b DSGVO<\/p><p data-start=\"5668\" data-end=\"5807\">Mit allen externen Dienstleistern, die Daten in unserem Auftrag verarbeiten, bestehen <strong data-start=\"5754\" data-end=\"5787\">Auftragsverarbeitungsvertr\u00e4ge<\/strong> nach Art. 28 DSGVO.<\/p><p data-start=\"5809\" data-end=\"5891\">Eine Weitergabe zu Werbezwecken erfolgt nur mit Ihrer ausdr\u00fccklichen Einwilligung.<\/p><hr data-start=\"5893\" data-end=\"5896\" \/><h2 data-start=\"5898\" data-end=\"5921\"><strong data-start=\"5901\" data-end=\"5921\">8. Speicherdauer<\/strong><\/h2><p data-start=\"5922\" data-end=\"6063\">Wir speichern personenbezogene Daten grunds\u00e4tzlich nur so lange, wie dies zur Erreichung des jeweiligen Verarbeitungszwecks erforderlich ist.<\/p><p data-start=\"6065\" data-end=\"6075\">Beispiele:<\/p><ul data-start=\"6076\" data-end=\"6292\"><li data-start=\"6076\" data-end=\"6123\"><p data-start=\"6078\" data-end=\"6123\">Anfragen: bis zur vollst\u00e4ndigen Bearbeitung<\/p><\/li><li data-start=\"6124\" data-end=\"6182\"><p data-start=\"6126\" data-end=\"6182\">Vertrags- und Rechnungsdaten: 6 bzw. 10 Jahre (HGB\/AO)<\/p><\/li><li data-start=\"6183\" data-end=\"6258\"><p data-start=\"6185\" data-end=\"6258\">Gewerbekundenkonto: bis zur L\u00f6schung + gesetzliche Aufbewahrungsfristen<\/p><\/li><li data-start=\"6259\" data-end=\"6292\"><p data-start=\"6261\" data-end=\"6292\">Server-Logfiles: max. 14 Tage<\/p><\/li><\/ul><hr data-start=\"6294\" data-end=\"6297\" \/><h2 data-start=\"6299\" data-end=\"6343\"><strong data-start=\"6302\" data-end=\"6343\">9. Ihre Rechte als betroffene Person<\/strong><\/h2><p data-start=\"6344\" data-end=\"6368\">Sie haben das Recht auf:<\/p><ul data-start=\"6370\" data-end=\"6638\"><li data-start=\"6370\" data-end=\"6398\"><p data-start=\"6372\" data-end=\"6398\">Auskunft (Art. 15 DSGVO)<\/p><\/li><li data-start=\"6399\" data-end=\"6431\"><p data-start=\"6401\" data-end=\"6431\">Berichtigung (Art. 16 DSGVO)<\/p><\/li><li data-start=\"6432\" data-end=\"6460\"><p data-start=\"6434\" data-end=\"6460\">L\u00f6schung (Art. 17 DSGVO)<\/p><\/li><li data-start=\"6461\" data-end=\"6511\"><p data-start=\"6463\" data-end=\"6511\">Einschr\u00e4nkung der Verarbeitung (Art. 18 DSGVO)<\/p><\/li><li data-start=\"6512\" data-end=\"6552\"><p data-start=\"6514\" data-end=\"6552\">Daten\u00fcbertragbarkeit (Art. 20 DSGVO)<\/p><\/li><li data-start=\"6553\" data-end=\"6584\"><p data-start=\"6555\" data-end=\"6584\">Widerspruch (Art. 21 DSGVO)<\/p><\/li><li data-start=\"6585\" data-end=\"6638\"><p data-start=\"6587\" data-end=\"6638\">Widerruf von Einwilligungen (Art. 7 Abs. 3 DSGVO)<\/p><\/li><\/ul><p data-start=\"6640\" data-end=\"6709\">Zur Aus\u00fcbung gen\u00fcgt eine formlose Nachricht an: <strong data-start=\"6688\" data-end=\"6709\"><a class=\"decorated-link cursor-pointer\" rel=\"noopener\" data-start=\"6690\" data-end=\"6707\">info@baumarbeiten-hoening.de<\/a><\/strong><\/p><p data-start=\"6711\" data-end=\"6810\"><strong data-start=\"6711\" data-end=\"6731\">Beschwerderecht:<\/strong><br data-start=\"6731\" data-end=\"6734\" \/>Bayerisches Landesamt f\u00fcr Datenschutzaufsicht<br data-start=\"6779\" data-end=\"6782\" \/>Promenade 18<br data-start=\"6794\" data-end=\"6797\" \/>91522 Ansbach<\/p><hr data-start=\"6812\" data-end=\"6815\" \/><h2 data-start=\"6817\" data-end=\"6863\"><strong data-start=\"6820\" data-end=\"6863\">10. Automatisierte Entscheidungsfindung<\/strong><\/h2><p data-start=\"6864\" data-end=\"6961\">Es findet <strong data-start=\"6874\" data-end=\"6954\">keine automatisierte Entscheidungsfindung oder Profiling gem\u00e4\u00df Art. 22 DSGVO<\/strong> statt.<\/p><hr data-start=\"6963\" data-end=\"6966\" \/><h2 data-start=\"6968\" data-end=\"6994\"><strong data-start=\"6971\" data-end=\"6994\">11. Datensicherheit<\/strong><\/h2><p data-start=\"6995\" data-end=\"7095\">Wir setzen technische und organisatorische Ma\u00dfnahmen (TOM) ein, um Ihre Daten zu sch\u00fctzen, darunter:<\/p><ul data-start=\"7097\" data-end=\"7280\"><li data-start=\"7097\" data-end=\"7125\"><p data-start=\"7099\" data-end=\"7125\">SSL-\/TLS-Verschl\u00fcsselung<\/p><\/li><li data-start=\"7126\" data-end=\"7171\"><p data-start=\"7128\" data-end=\"7171\">Zugriffsbeschr\u00e4nkungen und Rechtekonzepte<\/p><\/li><li data-start=\"7172\" data-end=\"7195\"><p data-start=\"7174\" data-end=\"7195\">regelm\u00e4\u00dfige Backups<\/p><\/li><li data-start=\"7196\" data-end=\"7236\"><p data-start=\"7198\" data-end=\"7236\">Firewall- und Sicherheits\u00fcberwachung<\/p><\/li><li data-start=\"7237\" data-end=\"7280\"><p data-start=\"7239\" data-end=\"7280\">regelm\u00e4\u00dfige Aktualisierung von Systemen<\/p><\/li><\/ul><p data-start=\"7282\" data-end=\"7353\">Unsere Ma\u00dfnahmen werden fortlaufend an den Stand der Technik angepasst.<\/p><hr data-start=\"7355\" data-end=\"7358\" \/><h2 data-start=\"7360\" data-end=\"7407\"><strong data-start=\"7363\" data-end=\"7407\">12. \u00c4nderung dieser Datenschutzerkl\u00e4rung<\/strong><\/h2><p data-start=\"7408\" data-end=\"7558\">Wir behalten uns vor, diese Datenschutzerkl\u00e4rung anzupassen, sofern rechtliche \u00c4nderungen oder \u00c4nderungen unserer Leistungen dies erforderlich machen.<\/p><p data-start=\"7560\" data-end=\"7649\">Bei wesentlichen \u00c4nderungen informieren wir Nutzer auf der Website oder im Cookie-Banner.<\/p><p><strong>Stand:<\/strong> 10. M\u00e4rz 2026<\/p>\t\t\t\t\t\t\t\t<\/div>\n\t\t\t\t<\/div>\n\t\t\t\t\t<\/div>\n\t\t\t\t<\/div>\n\t\t\t\t<\/div>\n\t\t","protected":false},"excerpt":{"rendered":"<p>1. Verantwortlicher Baum- und Gartenarbeiten \u2013 Uli H\u00f6ningOttacker 12D-87477 SulzbergTelefon: 0175 270 1618E-Mail: info@baumarbeiten-hoening.de Datenschutzbeauftragter:Ein Datenschutzbeauftragter ist nach gesetzlicher Vorgabe nicht erforderlich. Bei Fragen zum Datenschutz k\u00f6nnen Sie sich jederzeit an die oben angegebenen Kontaktdaten wenden. 2. Allgemeines zur Datenverarbeitung Wir verarbeiten personenbezogene Daten im Einklang mit der Datenschutz-Grundverordnung (DSGVO), dem Bundesdatenschutzgesetz (BDSG) und dem [&hellip;]<\/p>\n","protected":false},"author":1,"featured_media":0,"parent":0,"menu_order":0,"comment_status":"closed","ping_status":"closed","template":"","meta":{"footnotes":""},"class_list":["post-203","page","type-page","status-publish","hentry"],"_links":{"self":[{"href":"https:\/\/baumarbeiten-hoening.de\/index.php\/wp-json\/wp\/v2\/pages\/203","targetHints":{"allow":["GET"]}}],"collection":[{"href":"https:\/\/baumarbeiten-hoening.de\/index.php\/wp-json\/wp\/v2\/pages"}],"about":[{"href":"https:\/\/baumarbeiten-hoening.de\/index.php\/wp-json\/wp\/v2\/types\/page"}],"author":[{"embeddable":true,"href":"https:\/\/baumarbeiten-hoening.de\/index.php\/wp-json\/wp\/v2\/users\/1"}],"replies":[{"embeddable":true,"href":"https:\/\/baumarbeiten-hoening.de\/index.php\/wp-json\/wp\/v2\/comments?post=203"}],"version-history":[{"count":5,"href":"https:\/\/baumarbeiten-hoening.de\/index.php\/wp-json\/wp\/v2\/pages\/203\/revisions"}],"predecessor-version":[{"id":287,"href":"https:\/\/baumarbeiten-hoening.de\/index.php\/wp-json\/wp\/v2\/pages\/203\/revisions\/287"}],"wp:attachment":[{"href":"https:\/\/baumarbeiten-hoening.de\/index.php\/wp-json\/wp\/v2\/media?parent=203"}],"curies":[{"name":"wp","href":"https:\/\/api.w.org\/{rel}","templated":true}]}}