{"id":205,"date":"2026-03-09T21:59:58","date_gmt":"2026-03-09T21:59:58","guid":{"rendered":"https:\/\/baumarbeiten-hoening.de\/?page_id=205"},"modified":"2026-03-10T22:36:41","modified_gmt":"2026-03-10T22:36:41","slug":"impressum","status":"publish","type":"page","link":"https:\/\/baumarbeiten-hoening.de\/index.php\/impressum\/","title":{"rendered":"Impressum"},"content":{"rendered":"\t\t<div data-elementor-type=\"wp-page\" data-elementor-id=\"205\" class=\"elementor elementor-205\">\n\t\t\t\t<div class=\"elementor-element elementor-element-df4e10a e-flex e-con-boxed e-con e-parent\" data-id=\"df4e10a\" data-element_type=\"container\" data-e-type=\"container\">\n\t\t\t\t\t<div class=\"e-con-inner\">\n\t\t\t\t<div class=\"elementor-element elementor-element-c227076 elementor-widget elementor-widget-text-editor\" data-id=\"c227076\" data-element_type=\"widget\" data-e-type=\"widget\" data-widget_type=\"text-editor.default\">\n\t\t\t\t\t\t\t\t\t<p><strong>Angaben nach \u00a75 DDG<\/strong><br \/>Verantwortlich f\u00fcr den Inhalt dieser Seite:<\/p><p>Baum- und Gartenarbeiten\u00a0 \u2013 Uli H\u00f6ning\u00a0<br \/>Ottacker 12<br \/>87477 Sulzberg<\/p><p>Kontakt:<br \/>E-Mail: info@baumarbeiten-hoening.de<br \/>Tel: 0175 270 1618<\/p><p>\u00a0<\/p><p><strong>Haftung f\u00fcr Links<\/strong><br \/>Unser Angebot enth\u00e4lt Links zu externen Webseiten Dritter, auf deren Inhalte wir keinen Einfluss haben. Deshalb k\u00f6nnen wir f\u00fcr diese fremden Inhalte auch keine Gew\u00e4hr \u00fcbernehmen. F\u00fcr die Inhalte der verlinkten Seiten ist stets der jeweilige Anbieter oder Betreiber der Seiten verantwortlich. Die verlinkten Seiten wurden zum Zeitpunkt der Verlinkung auf m\u00f6gliche Rechtsverst\u00f6\u00dfe \u00fcberpr\u00fcft. Rechtswidrige Inhalte waren zum Zeitpunkt der Verlinkung nicht erkennbar. Eine permanente inhaltliche Kontrolle der verlinkten Seiten ist jedoch ohne konkrete Anhaltspunkte einer Rechtsverletzung nicht zumutbar. Bei Bekanntwerden von Rechtsverletzungen werden wir derartige Links umgehend entfernen.<\/p><p><strong>Bildrechte<br \/><\/strong>Alle auf dieser Website verwendeten Bilder und Grafiken sind urheberrechtlich gesch\u00fctzt. Soweit nicht anders angegeben, liegen die Bildrechte bei &#8222;Baum- und Gartenarbeiten \u2013 Uli H\u00f6ning&#8220;\u00a0<\/p>\t\t\t\t\t\t\t\t<\/div>\n\t\t\t\t\t<\/div>\n\t\t\t\t<\/div>\n\t\t\t\t<\/div>\n\t\t","protected":false},"excerpt":{"rendered":"<p>Angaben nach \u00a75 DDGVerantwortlich f\u00fcr den Inhalt dieser Seite: Baum- und Gartenarbeiten\u00a0 \u2013 Uli H\u00f6ning\u00a0Ottacker 1287477 Sulzberg Kontakt:E-Mail: info@baumarbeiten-hoening.deTel: 0175 270 1618 \u00a0 Haftung f\u00fcr LinksUnser Angebot enth\u00e4lt Links zu externen Webseiten Dritter, auf deren Inhalte wir keinen Einfluss haben. Deshalb k\u00f6nnen wir f\u00fcr diese fremden Inhalte auch keine Gew\u00e4hr \u00fcbernehmen. F\u00fcr die Inhalte der [&hellip;]<\/p>\n","protected":false},"author":1,"featured_media":0,"parent":0,"menu_order":0,"comment_status":"closed","ping_status":"closed","template":"","meta":{"footnotes":""},"class_list":["post-205","page","type-page","status-publish","hentry"],"_links":{"self":[{"href":"https:\/\/baumarbeiten-hoening.de\/index.php\/wp-json\/wp\/v2\/pages\/205","targetHints":{"allow":["GET"]}}],"collection":[{"href":"https:\/\/baumarbeiten-hoening.de\/index.php\/wp-json\/wp\/v2\/pages"}],"about":[{"href":"https:\/\/baumarbeiten-hoening.de\/index.php\/wp-json\/wp\/v2\/types\/page"}],"author":[{"embeddable":true,"href":"https:\/\/baumarbeiten-hoening.de\/index.php\/wp-json\/wp\/v2\/users\/1"}],"replies":[{"embeddable":true,"href":"https:\/\/baumarbeiten-hoening.de\/index.php\/wp-json\/wp\/v2\/comments?post=205"}],"version-history":[{"count":4,"href":"https:\/\/baumarbeiten-hoening.de\/index.php\/wp-json\/wp\/v2\/pages\/205\/revisions"}],"predecessor-version":[{"id":274,"href":"https:\/\/baumarbeiten-hoening.de\/index.php\/wp-json\/wp\/v2\/pages\/205\/revisions\/274"}],"wp:attachment":[{"href":"https:\/\/baumarbeiten-hoening.de\/index.php\/wp-json\/wp\/v2\/media?parent=205"}],"curies":[{"name":"wp","href":"https:\/\/api.w.org\/{rel}","templated":true}]}}